{"id":241,"date":"2020-09-23T00:31:24","date_gmt":"2020-09-22T22:31:24","guid":{"rendered":"https:\/\/protojoya.es\/?page_id=241"},"modified":"2020-10-08T23:09:16","modified_gmt":"2020-10-08T21:09:16","slug":"guia-de-tallas","status":"publish","type":"page","link":"https:\/\/rosendejoyeros.es\/tienda\/guia-de-tallas\/","title":{"rendered":"Gu\u00eda de tallas"},"content":{"rendered":"\n<h1 class=\"wp-block-heading\">OPCI\u00d3N A<\/h1>\n\n\n\n<h3 class=\"wp-block-heading\">MIDE UN ANILLO PARA AVERIGUAR TU TALLA<\/h3>\n\n\n\n<p>Imprime esta p\u00e1gina a tama\u00f1o real y coloca tu anillo en los c\u00edrculos hasta que encuentres uno en el que encaje el di\u00e1metro interno del anillo con el c\u00edrculo.<\/p>\n\n\n\n<figure class=\"wp-block-image is-resized\"><img loading=\"lazy\" decoding=\"async\" src=\"https:\/\/www.aristocrazy.com\/on\/demandware.static\/-\/Library-Sites-Aristocrazy\/default\/dw2a67b2e3\/medidor-anillo-aristocrazy.png\" alt=\"\" width=\"1200\" height=\"119\"\/><\/figure>\n\n\n\n<h2 class=\"wp-block-heading\">OPCI\u00d3N B<\/h2>\n\n\n\n<h3 class=\"wp-block-heading\">MIDE TU DEDO PARA AVERIGUAR LA TALLA DEL ANILLO<\/h3>\n\n\n\n<p>Si no tienes ning\u00fan anillo a mano, puedes recortar este medidor por la l\u00ednea.<\/p>\n\n\n\n<p>Una vez lo tengas listo, deber\u00e1s hacer un corte en la l\u00ednea de puntos que indica &#8220;Corta aqu\u00ed&#8221;.<\/p>\n\n\n\n<p>De este modo, podr\u00e1s ajustar el medidor a tu dedo y apuntar la medida que sobresalga de la ranura.<\/p>\n\n\n\n<p>Podr\u00e1s buscar la equivalencia de la medida en la tabla que encontrar\u00e1s m\u00e1s abajo.<\/p>\n\n\n\n<figure class=\"wp-block-image is-resized\"><img loading=\"lazy\" decoding=\"async\" src=\"https:\/\/www.aristocrazy.com\/on\/demandware.static\/-\/Library-Sites-Aristocrazy\/default\/dwec2a0c1a\/medidor-anillos-aristocrazy.png\" alt=\"\" width=\"1200\" height=\"229\"\/><\/figure>\n\n\n\n<figure class=\"wp-block-image\"><img decoding=\"async\" src=\"https:\/\/www.aristocrazy.com\/on\/demandware.static\/-\/Library-Sites-Aristocrazy\/default\/dw7e873c7a\/talla-equivalencias-aritocrazy.png\" alt=\"guia de tallas tabla equivalencias\"\/><\/figure>\n","protected":false},"excerpt":{"rendered":"<p>OPCI\u00d3N A MIDE UN ANILLO PARA AVERIGUAR TU TALLA Imprime esta p\u00e1gina a tama\u00f1o real y coloca tu anillo en los c\u00edrculos hasta que encuentres uno en el que encaje el di\u00e1metro interno del anillo con el c\u00edrculo. OPCI\u00d3N B MIDE TU DEDO PARA AVERIGUAR LA TALLA DEL ANILLO Si no tienes ning\u00fan anillo a mano, puedes recortar este medidor por la l\u00ednea. Una vez lo tengas listo, deber\u00e1s hacer un corte en la l\u00ednea de puntos que indica &#8220;Corta aqu\u00ed&#8221;. De este modo, podr\u00e1s ajustar el medidor a tu dedo y apuntar la medida que sobresalga de la ranura. Podr\u00e1s buscar la equivalencia de la medida en la tabla que encontrar\u00e1s m\u00e1s abajo.<\/p>\n","protected":false},"author":1,"featured_media":0,"parent":0,"menu_order":0,"comment_status":"closed","ping_status":"closed","template":"","meta":{"footnotes":""},"jetpack_sharing_enabled":true,"acf":[],"_links":{"self":[{"href":"https:\/\/rosendejoyeros.es\/tienda\/wp-json\/wp\/v2\/pages\/241"}],"collection":[{"href":"https:\/\/rosendejoyeros.es\/tienda\/wp-json\/wp\/v2\/pages"}],"about":[{"href":"https:\/\/rosendejoyeros.es\/tienda\/wp-json\/wp\/v2\/types\/page"}],"author":[{"embeddable":true,"href":"https:\/\/rosendejoyeros.es\/tienda\/wp-json\/wp\/v2\/users\/1"}],"replies":[{"embeddable":true,"href":"https:\/\/rosendejoyeros.es\/tienda\/wp-json\/wp\/v2\/comments?post=241"}],"version-history":[{"count":0,"href":"https:\/\/rosendejoyeros.es\/tienda\/wp-json\/wp\/v2\/pages\/241\/revisions"}],"wp:attachment":[{"href":"https:\/\/rosendejoyeros.es\/tienda\/wp-json\/wp\/v2\/media?parent=241"}],"curies":[{"name":"wp","href":"https:\/\/api.w.org\/{rel}","templated":true}]}}