{"id":250,"date":"2020-09-23T00:35:52","date_gmt":"2020-09-22T22:35:52","guid":{"rendered":"https:\/\/protojoya.es\/?page_id=250"},"modified":"2020-10-08T23:12:36","modified_gmt":"2020-10-08T21:12:36","slug":"envios-y-entregas","status":"publish","type":"page","link":"https:\/\/rosendejoyeros.es\/tienda\/envios-y-entregas\/","title":{"rendered":"Env\u00edos y entregas"},"content":{"rendered":"\n<p>El env\u00edo se efectuar\u00e1 mediante la empresa SEUR ajena a ROSENDE JOYEROS que se comprometen a entregar el producto pagado por el cliente al domicilio de entrega&nbsp;en un plazo aproximado de:<\/p>\n\n\n\n<figure class=\"wp-block-table\"><table><tbody><tr><td><strong>Pa\u00eds\/ Zona<\/strong><\/td><td><strong>Tiempo de entrega<\/strong><\/td><td><strong>Importe<\/strong><\/td><\/tr><tr><td>Pen\u00ednsula<\/td><td>1-2 d\u00edas<\/td><td>3\u20ac<\/td><\/tr><tr><td>Baleares<\/td><td>2-3 d\u00edas<\/td><td>3\u20ac<\/td><\/tr><\/tbody><\/table><\/figure>\n\n\n\n<p><strong>ROSENDE JOYEROS no realiza env\u00edos a Canarias<\/strong><strong>, Ceuta y Melilla.<\/strong><\/p>\n\n\n\n<p>Dichos plazos pueden verse ampliados hasta 45 d\u00edas por algunos de los siguientes motivos:<\/p>\n\n\n\n<ul><li>Personalizaci\u00f3n de los productos<\/li><li>Art\u00edculos especiales<\/li><li>Circunstancias imprevistas no achacables a ROSENDE JOYEROS<\/li><li>Producto agotado en stock<\/li><\/ul>\n\n\n\n<p>Si por alg\u00fan motivo no pudi\u00e9semos cumplir con la fecha de entrega, le informaremos de esta circunstancia y al cliente le ser\u00e1 dada la opci\u00f3n de seguir adelante con la compra estableciendo una nueva fecha de entrega o bien anular el pedido con el reembolso total del precio pagado. Es preciso tener en cuenta en cualquier caso que no se realizan entregas los s\u00e1bados,&nbsp;domingos ni festivos.<\/p>\n\n\n\n<p>A efectos de las presentes Condiciones, se entender\u00e1 que se ha producido la entrega o que el\/los producto\/s han sido entregado\/s en el momento de firmar la recepci\u00f3n de los mismos en la direcci\u00f3n de entrega convenida.<\/p>\n\n\n\n<p>Las entregas de pedidos online en tienda se realizar\u00e1n directamente en los establecimientos de ROSENDE JOYEROS que figuren determinados en la p\u00e1gina web. En estos casos no existir\u00e1 la posibilidad de optar por el env\u00edo a ning\u00fan domicilio de entrega. El plazo de recogida del producto en estos casos ser\u00e1 de 15 d\u00edas; pasado dicho plazo el producto se devolver\u00e1 al almac\u00e9n y se le reembolsar\u00e1 el importe.<\/p>\n\n\n\n<p>Los riesgos de los Productos ser\u00e1n a cargo del cliente a partir del momento de su entrega.<\/p>\n\n\n\n<p>El cliente adquirir\u00e1 la propiedad de los productos cuando el pago completo de todas las cantidades debidas en relaci\u00f3n con los mismos, incluidos los gastos de env\u00edo, sea recibido.<\/p>\n\n\n\n<p>Los pedidos de importe igual o superior a 50\u20ac no tendr\u00e1n gastos de env\u00edo.<\/p>\n","protected":false},"excerpt":{"rendered":"<p>El env\u00edo se efectuar\u00e1 mediante la empresa SEUR ajena a ROSENDE JOYEROS que se comprometen a entregar el producto pagado por el cliente al domicilio de entrega&nbsp;en un plazo aproximado de: Pa\u00eds\/ Zona Tiempo de entrega Importe Pen\u00ednsula 1-2 d\u00edas 3\u20ac Baleares 2-3 d\u00edas 3\u20ac ROSENDE JOYEROS no realiza env\u00edos a Canarias, Ceuta y Melilla. Dichos plazos pueden verse ampliados hasta 45 d\u00edas por algunos de los siguientes motivos: Personalizaci\u00f3n de los productos Art\u00edculos especiales Circunstancias imprevistas no achacables a ROSENDE JOYEROS Producto agotado en stock Si por alg\u00fan motivo no pudi\u00e9semos cumplir con la fecha de entrega, le informaremos de esta circunstancia y al cliente le ser\u00e1 dada la opci\u00f3n de seguir adelante con la compra estableciendo una nueva fecha de entrega o bien anular el pedido con el reembolso total del precio pagado. Es preciso tener en cuenta en cualquier caso que no se realizan entregas los s\u00e1bados,&nbsp;domingos ni festivos. A efectos de las presentes Condiciones, se entender\u00e1 que se ha producido la entrega o que el\/los producto\/s han sido entregado\/s en el momento de firmar la recepci\u00f3n de los mismos en la direcci\u00f3n de entrega convenida. Las entregas de pedidos online en tienda se realizar\u00e1n directamente en los establecimientos de ROSENDE JOYEROS que figuren determinados en la p\u00e1gina web. En estos casos no existir\u00e1 la posibilidad de optar por el env\u00edo a ning\u00fan domicilio de entrega. El plazo de recogida del producto en estos casos ser\u00e1 de 15 d\u00edas; pasado dicho plazo el producto se devolver\u00e1 al almac\u00e9n y se le reembolsar\u00e1 el importe. Los riesgos de los Productos ser\u00e1n a cargo del cliente a partir del momento de su entrega. El cliente adquirir\u00e1 la propiedad de los productos cuando el pago completo de todas las cantidades debidas en relaci\u00f3n con los mismos, incluidos los gastos de env\u00edo, sea recibido. Los pedidos de importe igual o superior a 50\u20ac no tendr\u00e1n gastos de env\u00edo.<\/p>\n","protected":false},"author":1,"featured_media":0,"parent":0,"menu_order":0,"comment_status":"closed","ping_status":"closed","template":"","meta":{"footnotes":""},"jetpack_sharing_enabled":true,"acf":[],"_links":{"self":[{"href":"https:\/\/rosendejoyeros.es\/tienda\/wp-json\/wp\/v2\/pages\/250"}],"collection":[{"href":"https:\/\/rosendejoyeros.es\/tienda\/wp-json\/wp\/v2\/pages"}],"about":[{"href":"https:\/\/rosendejoyeros.es\/tienda\/wp-json\/wp\/v2\/types\/page"}],"author":[{"embeddable":true,"href":"https:\/\/rosendejoyeros.es\/tienda\/wp-json\/wp\/v2\/users\/1"}],"replies":[{"embeddable":true,"href":"https:\/\/rosendejoyeros.es\/tienda\/wp-json\/wp\/v2\/comments?post=250"}],"version-history":[{"count":0,"href":"https:\/\/rosendejoyeros.es\/tienda\/wp-json\/wp\/v2\/pages\/250\/revisions"}],"wp:attachment":[{"href":"https:\/\/rosendejoyeros.es\/tienda\/wp-json\/wp\/v2\/media?parent=250"}],"curies":[{"name":"wp","href":"https:\/\/api.w.org\/{rel}","templated":true}]}}