{"id":253,"date":"2020-09-23T00:37:17","date_gmt":"2020-09-22T22:37:17","guid":{"rendered":"https:\/\/protojoya.es\/?page_id=253"},"modified":"2020-10-08T23:10:26","modified_gmt":"2020-10-08T21:10:26","slug":"cuidado-de-las-joyas","status":"publish","type":"page","link":"https:\/\/rosendejoyeros.es\/tienda\/cuidado-de-las-joyas\/","title":{"rendered":"Cuidado de las joyas"},"content":{"rendered":"\n<p><strong>Cuidados b\u00e1sicos<\/strong><\/p>\n\n\n\n<p>Existen una serie de cuidados que, de manera sencilla, alargar\u00e1n la vida de su joya ROSENDE JOYEROS. Por ejemplo, le sugerimos que se quite su joya ROSENDE JOYEROS antes de realizar actividades que pudieran da\u00f1arla, como el ejercicio de deporte. Intente evitar el contacto de su joya ROSENDE JOYEROS con productos cosm\u00e9ticos y\/o de uso dom\u00e9stico, ya que a veces contienen algunos ingredientes que pueden da\u00f1ar el color de sus piezas de joyer\u00eda.<\/p>\n\n\n\n<p>Para su limpieza, limpie sus joyas con la Gamuza Oficial ROSENDE JOYEROS y compruebe los cierres con frecuencia.<\/p>\n\n\n\n<p>No exponga las joyas ROSENDE JOYEROS a cambios bruscos de temperatura. Para su correcta conservaci\u00f3n, es preferible que guarde sus productos ROSENDE JOYEROS de manera individual en sus estuches originales, ya que est\u00e1n preparados para proteger sus joyas. Si opta por un joyero, intente que est\u00e9n en un compartimento separado de otras piezas. Intente que las cadenas queden cerradas y colocadas en plano para evitar la formaci\u00f3n de nudos.<\/p>\n\n\n\n<p>Si tiene alguna duda, puede ponerse en contacto con nosotros enviando un correo electr\u00f3nico a&nbsp;<a rel=\"noreferrer noopener\" href=\"mailto:contacto@rosendejoyeros.es\" target=\"_blank\">contacto@rosendejoyeros.es<\/a>.&nbsp;<\/p>\n","protected":false},"excerpt":{"rendered":"<p>Cuidados b\u00e1sicos Existen una serie de cuidados que, de manera sencilla, alargar\u00e1n la vida de su joya ROSENDE JOYEROS. Por ejemplo, le sugerimos que se quite su joya ROSENDE JOYEROS antes de realizar actividades que pudieran da\u00f1arla, como el ejercicio de deporte. Intente evitar el contacto de su joya ROSENDE JOYEROS con productos cosm\u00e9ticos y\/o de uso dom\u00e9stico, ya que a veces contienen algunos ingredientes que pueden da\u00f1ar el color de sus piezas de joyer\u00eda. Para su limpieza, limpie sus joyas con la Gamuza Oficial ROSENDE JOYEROS y compruebe los cierres con frecuencia. No exponga las joyas ROSENDE JOYEROS a cambios bruscos de temperatura. Para su correcta conservaci\u00f3n, es preferible que guarde sus productos ROSENDE JOYEROS de manera individual en sus estuches originales, ya que est\u00e1n preparados para proteger sus joyas. Si opta por un joyero, intente que est\u00e9n en un compartimento separado de otras piezas. Intente que las cadenas queden cerradas y colocadas en plano para evitar la formaci\u00f3n de nudos. Si tiene alguna duda, puede ponerse en contacto con nosotros enviando un correo electr\u00f3nico a&nbsp;contacto@rosendejoyeros.es.&nbsp;<\/p>\n","protected":false},"author":1,"featured_media":0,"parent":0,"menu_order":0,"comment_status":"closed","ping_status":"closed","template":"","meta":{"footnotes":""},"jetpack_sharing_enabled":true,"acf":[],"_links":{"self":[{"href":"https:\/\/rosendejoyeros.es\/tienda\/wp-json\/wp\/v2\/pages\/253"}],"collection":[{"href":"https:\/\/rosendejoyeros.es\/tienda\/wp-json\/wp\/v2\/pages"}],"about":[{"href":"https:\/\/rosendejoyeros.es\/tienda\/wp-json\/wp\/v2\/types\/page"}],"author":[{"embeddable":true,"href":"https:\/\/rosendejoyeros.es\/tienda\/wp-json\/wp\/v2\/users\/1"}],"replies":[{"embeddable":true,"href":"https:\/\/rosendejoyeros.es\/tienda\/wp-json\/wp\/v2\/comments?post=253"}],"version-history":[{"count":0,"href":"https:\/\/rosendejoyeros.es\/tienda\/wp-json\/wp\/v2\/pages\/253\/revisions"}],"wp:attachment":[{"href":"https:\/\/rosendejoyeros.es\/tienda\/wp-json\/wp\/v2\/media?parent=253"}],"curies":[{"name":"wp","href":"https:\/\/api.w.org\/{rel}","templated":true}]}}