{"id":3,"date":"2020-02-29T09:42:08","date_gmt":"2020-02-29T09:42:08","guid":{"rendered":"http:\/\/protojoya.es\/?page_id=3"},"modified":"2020-10-08T22:51:04","modified_gmt":"2020-10-08T20:51:04","slug":"politica-privacidad","status":"publish","type":"page","link":"https:\/\/rosendejoyeros.es\/tienda\/politica-privacidad\/","title":{"rendered":"Pol\u00edtica de privacidad"},"content":{"rendered":"\n<p>Se le informa que los datos personales que nos facilite voluntariamente, a trav\u00e9s de los distintos formularios de la web, ser\u00e1n tratados por FRANCISCO FELICISIMO ROSENDE CALDER\u00d3N con domicilio en CALLE MAGDALENA, 116 15402 &#8211; FERROL (A CORU\u00d1A), que cumple con las medidas de seguridad exigidas en la legislaci\u00f3n vigente en materia de Protecci\u00f3n de Datos de Car\u00e1cter Personal. La finalidad de dicho tratamiento es la descrita en cada uno de los formularios establecidos en la p\u00e1gina web en el que Usted nos haya facilitado sus datos.<\/p>\n\n\n\n<p>Los datos facilitados no ser\u00e1n cedidos a terceros salvo en los casos en que exista una obligaci\u00f3n legal, y se conservar\u00e1n durante el tiempo necesario para atender su solicitud, siempre y cuando no nos indique lo contrario ejerciendo su derecho de supresi\u00f3n, o durante el tiempo necesario para cumplir con las obligaciones legales y atender las posibles responsabilidades que pudieran derivar del cumplimiento de la finalidad para la que los datos fueron recabados.<\/p>\n\n\n\n<p>Todas las notificaciones y comunicaciones entre los usuarios y FRANCISCO FELICISIMO ROSENDE CALDER\u00d3N se considerar\u00e1n eficaces, a todos los efectos, cuando se realicen a trav\u00e9s de correo postal o cualquier otro medio de los detallados anteriormente.<\/p>\n\n\n\n<p>FRANCISCO FELICISIMO ROSENDE CALDER\u00d3N no elaborar\u00e1 ning\u00fan tipo de \u201cperfil\u201d, en base a la informaci\u00f3n facilitada. No se tomar\u00e1n decisiones automatizadas en base a perfiles.<\/p>\n\n\n\n<p>Asimismo, FRANCISCO FELICISIMO ROSENDE CALDER\u00d3N cancelar\u00e1 o rectificar\u00e1 los datos cuando resulten inexactos, incompletos o hayan dejado de ser necesarios para su finalidad, de conformidad con lo previsto en la legislaci\u00f3n vigente en materia de Protecci\u00f3n de Datos de Car\u00e1cter Personal.<\/p>\n\n\n\n<p>Mientras no nos comunique lo contrario, entenderemos que sus datos no han sido modificados, que usted se compromete a notificarnos cualquier variaci\u00f3n y que tenemos el consentimiento para utilizarlos a fin de poder fidelizar la relaci\u00f3n entre las partes.<\/p>\n\n\n\n<p>El usuario podr\u00e1 ejercer los derechos de acceso, rectificaci\u00f3n, supresi\u00f3n, oposici\u00f3n, limitaci\u00f3n del tratamiento, portabilidad de datos y a no ser objeto de decisiones individualizadas automatizadas, en relaci\u00f3n con los datos objeto del tratamiento, ante el responsable del tratamiento \u201cROSENDE JOYEROS\u201d en la direcci\u00f3n anteriormente mencionada, o por correo electr\u00f3nico a franciscorosende@gmail.com, adjuntando copia de su DNI o documento equivalente. En caso de que no haya obtenido satisfacci\u00f3n en el ejercicio de sus derechos, podr\u00e1 presentar una reclamaci\u00f3n ante la Autoridad de Control en materia Protecci\u00f3n de Datos competente, siendo \u00e9sta la Agencia Espa\u00f1ola de Protecci\u00f3n de Datos, y cuyos datos de contacto est\u00e1n accesibles en https:\/\/sedeagpd.gob.es\/sede-electronica-web\/vistas\/formNuevaReclamacion\/reclamacion.jsf.<\/p>\n\n\n\n<p>FRANCISCO FELICISIMO ROSENDE CALDER\u00d3N adopta las medidas t\u00e9cnicas, organizativas y de seguridad correspondientes seg\u00fan la normativa vigente en materia de Protecci\u00f3n de Datos de Car\u00e1cter Personal. No obstante, no asume ninguna responsabilidad por los da\u00f1os y perjuicios derivados de alteraciones que terceros puedan causar en los sistemas inform\u00e1ticos, documentos electr\u00f3nicos o ficheros del usuario.<\/p>\n\n\n\n<p>De acuerdo con lo que establece la Ley 34\/2002, de Servicios de la Sociedad de la Informaci\u00f3n y el Comercio Electr\u00f3nico en su art\u00edculo 21, solicitaremos su consentimiento para poder realizar comunicaciones publicitarias que consideremos puedan ser de su inter\u00e9s, por correo electr\u00f3nico o por cualquier otro medio de comunicaci\u00f3n electr\u00f3nica equivalente.<\/p>\n\n\n\n<p>En el caso de autorizar el env\u00edo de informaci\u00f3n \/ publicidad y no desee seguir recibiendo m\u00e1s informaci\u00f3n al respecto, usted tiene derecho a oponerse y\/o retirar dicho consentimiento, en cualquier momento, mediante notificaci\u00f3n por escrito o mediante correo electr\u00f3nico en la\/s direcci\u00f3n\/es anteriormente indicada\/s.<\/p>\n","protected":false},"excerpt":{"rendered":"<p>Se le informa que los datos personales que nos facilite voluntariamente, a trav\u00e9s de los distintos formularios de la web, ser\u00e1n tratados por FRANCISCO FELICISIMO ROSENDE CALDER\u00d3N con domicilio en CALLE MAGDALENA, 116 15402 &#8211; FERROL (A CORU\u00d1A), que cumple con las medidas de seguridad exigidas en la legislaci\u00f3n vigente en materia de Protecci\u00f3n de Datos de Car\u00e1cter Personal. La finalidad de dicho tratamiento es la descrita en cada uno de los formularios establecidos en la p\u00e1gina web en el que Usted nos haya facilitado sus datos. Los datos facilitados no ser\u00e1n cedidos a terceros salvo en los casos en que exista una obligaci\u00f3n legal, y se conservar\u00e1n durante el tiempo necesario para atender su solicitud, siempre y cuando no nos indique lo contrario ejerciendo su derecho de supresi\u00f3n, o durante el tiempo necesario para cumplir con las obligaciones legales y atender las posibles responsabilidades que pudieran derivar del cumplimiento de la finalidad para la que los datos fueron recabados. Todas las notificaciones y comunicaciones entre los usuarios y FRANCISCO FELICISIMO ROSENDE CALDER\u00d3N se considerar\u00e1n eficaces, a todos los efectos, cuando se realicen a trav\u00e9s de correo postal o cualquier otro medio de los detallados anteriormente. FRANCISCO FELICISIMO ROSENDE CALDER\u00d3N no elaborar\u00e1 ning\u00fan tipo de \u201cperfil\u201d, en base a la informaci\u00f3n facilitada. No se tomar\u00e1n decisiones automatizadas en base a perfiles. Asimismo, FRANCISCO FELICISIMO ROSENDE CALDER\u00d3N cancelar\u00e1 o rectificar\u00e1 los datos cuando resulten inexactos, incompletos o hayan dejado de ser necesarios para su finalidad, de conformidad con lo previsto en la legislaci\u00f3n vigente en materia de Protecci\u00f3n de Datos de Car\u00e1cter Personal. Mientras no nos comunique lo contrario, entenderemos que sus datos no han sido modificados, que usted se compromete a notificarnos cualquier variaci\u00f3n y que tenemos el consentimiento para utilizarlos a fin de poder fidelizar la relaci\u00f3n entre las partes. El usuario podr\u00e1 ejercer los derechos de acceso, rectificaci\u00f3n, supresi\u00f3n, oposici\u00f3n, limitaci\u00f3n del tratamiento, portabilidad de datos y a no ser objeto de decisiones individualizadas automatizadas, en relaci\u00f3n con los datos objeto del tratamiento, ante el responsable del tratamiento \u201cROSENDE JOYEROS\u201d en la direcci\u00f3n anteriormente mencionada, o por correo electr\u00f3nico a franciscorosende@gmail.com, adjuntando copia de su DNI o documento equivalente. En caso de que no haya obtenido satisfacci\u00f3n en el ejercicio de sus derechos, podr\u00e1 presentar una reclamaci\u00f3n ante la Autoridad de Control en materia Protecci\u00f3n de Datos competente, siendo \u00e9sta la Agencia Espa\u00f1ola de Protecci\u00f3n de Datos, y cuyos datos de contacto est\u00e1n accesibles en https:\/\/sedeagpd.gob.es\/sede-electronica-web\/vistas\/formNuevaReclamacion\/reclamacion.jsf. FRANCISCO FELICISIMO ROSENDE CALDER\u00d3N adopta las medidas t\u00e9cnicas, organizativas y de seguridad correspondientes seg\u00fan la normativa vigente en materia de Protecci\u00f3n de Datos de Car\u00e1cter Personal. No obstante, no asume ninguna responsabilidad por los da\u00f1os y perjuicios derivados de alteraciones que terceros puedan causar en los sistemas inform\u00e1ticos, documentos electr\u00f3nicos o ficheros del usuario. De acuerdo con lo que establece la Ley 34\/2002, de Servicios de la Sociedad de la Informaci\u00f3n y el Comercio Electr\u00f3nico en su art\u00edculo 21, solicitaremos su consentimiento para poder realizar comunicaciones publicitarias que consideremos puedan ser de su inter\u00e9s, por correo electr\u00f3nico o por cualquier otro medio de comunicaci\u00f3n electr\u00f3nica equivalente. En el caso de autorizar el env\u00edo de informaci\u00f3n \/ publicidad y no desee seguir recibiendo m\u00e1s informaci\u00f3n al respecto, usted tiene derecho a oponerse y\/o retirar dicho consentimiento, en cualquier momento, mediante notificaci\u00f3n por escrito o mediante correo electr\u00f3nico en la\/s direcci\u00f3n\/es anteriormente indicada\/s.<\/p>\n","protected":false},"author":1,"featured_media":0,"parent":0,"menu_order":0,"comment_status":"closed","ping_status":"open","template":"","meta":{"footnotes":""},"jetpack_sharing_enabled":true,"acf":[],"_links":{"self":[{"href":"https:\/\/rosendejoyeros.es\/tienda\/wp-json\/wp\/v2\/pages\/3"}],"collection":[{"href":"https:\/\/rosendejoyeros.es\/tienda\/wp-json\/wp\/v2\/pages"}],"about":[{"href":"https:\/\/rosendejoyeros.es\/tienda\/wp-json\/wp\/v2\/types\/page"}],"author":[{"embeddable":true,"href":"https:\/\/rosendejoyeros.es\/tienda\/wp-json\/wp\/v2\/users\/1"}],"replies":[{"embeddable":true,"href":"https:\/\/rosendejoyeros.es\/tienda\/wp-json\/wp\/v2\/comments?post=3"}],"version-history":[{"count":0,"href":"https:\/\/rosendejoyeros.es\/tienda\/wp-json\/wp\/v2\/pages\/3\/revisions"}],"wp:attachment":[{"href":"https:\/\/rosendejoyeros.es\/tienda\/wp-json\/wp\/v2\/media?parent=3"}],"curies":[{"name":"wp","href":"https:\/\/api.w.org\/{rel}","templated":true}]}}